{"id":3481,"date":"2021-11-24T11:59:12","date_gmt":"2021-11-24T11:59:12","guid":{"rendered":"https:\/\/www.kgriffiths.fr\/?page_id=3481"},"modified":"2024-01-25T14:24:59","modified_gmt":"2024-01-25T14:24:59","slug":"des-expositions","status":"publish","type":"page","link":"https:\/\/kgriffiths.fr\/fr\/des-expositions\/","title":{"rendered":"Des expositions"},"content":{"rendered":"<div class=\"wpb-content-wrapper\"><p>[vc_row][vc_column width=&#8221;2\/3&#8243;][vc_column_text]<\/p>\n<h3>Prochaines Expositions<\/h3>\n<p>&nbsp;<\/p>\n<p class=\"p5\">Les peintures et impressions disponibles se trouvent actuellement dans l&#8217;<span class=\"s2\"><b>atelier <\/b><\/span>de Karen, \u00e0 son domicile de Morzine, en France.<\/p>\n<p>&nbsp;<\/p>\n<h3>Expositions pr\u00e9c\u00e9dentes<\/h3>\n<p><strong>Stephanie Hoppen Galerie\u00a0<\/strong>\u00a0\u2013 2009 -17 Walton Street, Londres, Royaume-Uni<br \/>\n<strong>Rowley\u00a0Galerie<\/strong>\u2013 2009 -115 Kensington Church Street, Londres, Royaume-Uni<br \/>\n<strong>Belgrave\u00a0Galerie<\/strong>\u2013 2009 -22 FORE STREET \u2013 ST. IVES \u2013 CORNWALL Royaume-Uni<br \/>\n<strong>Sarah Wiseman\u00a0Galerie\u00a0\u2013\u00a0<\/strong>Expo d\u2019\u00e9t\u00e9 -Jul 2009 \u2013 South Parade, Summertown, Oxford Royaume-Uni<br \/>\n<strong>Cherry Lane Fine Arts<\/strong>\u2013 Killincarrig, Delgany, Irelande \u2013 2009<br \/>\n<strong>Gallerina<\/strong>\u00a0\u2013 Darlington, Royaume-Uni 2009<\/p>\n<p><strong>The Discerning Eye Drawing Bursary-<\/strong>Nov 2009, Mall Galleries, Londres, Royaume-Uni<\/p>\n<p><strong>ART IRELANDE<em>\u00a0\u2013<\/em><\/strong>RDS, Ballsbridge, Dublin, Irelande \u2013 Nov 2008<br \/>\n<strong>Affordable Art Fair\u2013\u00a0<\/strong>Battersea Park, Londres Royaume-Uni -Oct 2002\/03\/04\/06\/07\/08<em><strong><br \/>\n<\/strong><\/em><strong>Tanglin Club\/Hidden Host<\/strong>\u2013 Singapore Mai<strong>\u2013<\/strong>Juin 2008<strong><br \/>\nThe Royal College of Art (Chase)\u00a0\u2013\u00a0<\/strong>Kensington Gore, Londres, Royaume-Uni<br \/>\nNov 2002\/03\/04\/05\/06\/07 \/08<em><strong><br \/>\n<\/strong><\/em><strong>Europ\u2019ART \u2013 Gen\u00e8ve Foire d\u2019art<\/strong>\u00a0Palexpo, Gen\u00e8ve \u2013 30th Apr \u2013 4th Mai<br \/>\n<strong>La Galerie<\/strong>\u00a0-Morzine, France \u2013 Jan-Mai 2006<br \/>\n<strong>Brighton Festival<\/strong>\u00a0-Studio 106, Brighton, Royaume-Uni \u2013 Mai 2005<br \/>\n<strong>Glasgow Foire d\u2019art<\/strong>\u00a0-Georges Sq, Ecosse \u2013 Avr 2005<br \/>\n<strong>Brighton Foire d\u2019art<\/strong>\u00a0-Corn Exchange, Brighton, Royaume-Uni\u2013 Nov 2004\/05\/06\/07\/09<br \/>\n<strong>Expo solo \u2013 Quodart Galerie<\/strong>\u00a0-Brighton, Royaume-Uni\u2013 Oct 2004<br \/>\n<strong>Chelsea Foire d\u2019art<\/strong>\u00a0-Kings Rd, Chelsea, Londres, Royaume-Uni\u2013 Avr 2004<br \/>\n<strong>Baillie\u00a0Galerie<\/strong>\u00a0\u2013 1a Copper Row,Tower Bridge Piazza, Londres, Royaume-Uni\u2013 Mar, ao\u00fbt, Nov 04\/Oct 05<br \/>\n<strong>Century\u00a0Galerie<\/strong>\u00a0\u2013 The Shop on the Green, Datchet, Windsor, Royaume-Uni<br \/>\nFev 2003\/4<br \/>\n<strong>Londres Foire d\u2019art<\/strong>\u00a0\u2013 Business Design Centre, Islington, Londres, Royaume-Uni<br \/>\nJan 2003\/04<br \/>\n<strong>Battersea Foire d\u2019art<\/strong>\u00a0\u2013 B.A.C, Lavender Hill, Londres, Royaume-Uni<br \/>\nMai &amp; Nov 2002\/03\/04\/05\/06\/07<br \/>\n<strong>CCA Galerie \u2013 Expo Solo<\/strong>\u00a0\u2013 Farnham, Royaume-Uni\u2013 Sept\/Oct 2003<br \/>\n<strong>Expo solo \u2013 QUODart Galerie<\/strong>\u00a0\u2013 North Street, Brighton, Royaume-Uni<br \/>\nJuin 2003<br \/>\n<strong>Canvas Expo de charit\u00e9<\/strong>\u00a0\u2013 Blanch House, Brighton, Royaume-Un,i\u2013 Juin 2003<br \/>\n<strong>Brighton Festival Exposition<\/strong>\u00a0The Open Studios, Brighton Beach, Royaume-Uni<br \/>\nMai 2002\/03\/04<br \/>\n<strong>CCA Galerie Expo de no\u00ebl<\/strong>\u2013 18 Albemarle St, Londres &amp; Farnham, Royaume-Uni\u2013 Nov \/ Dec 2002<br \/>\n<strong>Affordable Foire d\u2019art ouest \u2013 Ingo Fincke<\/strong>\u00a0\u2013 The Old Passenger Shed, Temple Meads Station, Bristol, Royaume-Uni\u2013 Mai 2003\/04<br \/>\n<strong>Dubai, CCA Galerie\u00a0<\/strong>\u2013 Dubai, U.A.E. \u2013 Sept 2002 Jul 2002<br \/>\n<strong>CCA Galerie Expo d\u2019\u00e9t\u00e9\u00a0<\/strong>\u2013 Farnham, Royaume-Uni Jul 2002<br \/>\n<strong>Ingo Fincke\u00a0Galerie<\/strong>\u00a0\u2013 Battersea Rise, Londres, Royaume-Uni<br \/>\n<strong>Europ\u2019art<\/strong>\u00a0\u2013 Espace Auteuil, Place de la Porte Auteuil, Paris, France<br \/>\nMars 2002[\/vc_column_text][\/vc_column][vc_column width=&#8221;1\/3&#8243;][vc_single_image image=&#8221;5250&#8243; img_size=&#8221;large&#8221;][\/vc_column][\/vc_row]<\/p>\n<\/div>","protected":false},"excerpt":{"rendered":"<p>[vc_row][vc_column width=&#8221;2\/3&#8243;][vc_column_text] Prochaines Expositions &nbsp; Les peintures et impressions disponibles se trouvent actuellement dans l&#8217;atelier de Karen, \u00e0 son domicile de Morzine, en France. &nbsp; Expositions pr\u00e9c\u00e9dentes Stephanie Hoppen Galerie\u00a0\u00a0\u2013 2009 -17 Walton Street, Londres, Royaume-Uni Rowley\u00a0Galerie\u2013 2009 -115 Kensington [&hellip;]<\/p>\n","protected":false},"author":1,"featured_media":0,"parent":0,"menu_order":0,"comment_status":"closed","ping_status":"closed","template":"","meta":{"footnotes":""},"class_list":["post-3481","page","type-page","status-publish","hentry"],"_links":{"self":[{"href":"https:\/\/kgriffiths.fr\/fr\/wp-json\/wp\/v2\/pages\/3481","targetHints":{"allow":["GET"]}}],"collection":[{"href":"https:\/\/kgriffiths.fr\/fr\/wp-json\/wp\/v2\/pages"}],"about":[{"href":"https:\/\/kgriffiths.fr\/fr\/wp-json\/wp\/v2\/types\/page"}],"author":[{"embeddable":true,"href":"https:\/\/kgriffiths.fr\/fr\/wp-json\/wp\/v2\/users\/1"}],"replies":[{"embeddable":true,"href":"https:\/\/kgriffiths.fr\/fr\/wp-json\/wp\/v2\/comments?post=3481"}],"version-history":[{"count":14,"href":"https:\/\/kgriffiths.fr\/fr\/wp-json\/wp\/v2\/pages\/3481\/revisions"}],"predecessor-version":[{"id":5494,"href":"https:\/\/kgriffiths.fr\/fr\/wp-json\/wp\/v2\/pages\/3481\/revisions\/5494"}],"wp:attachment":[{"href":"https:\/\/kgriffiths.fr\/fr\/wp-json\/wp\/v2\/media?parent=3481"}],"curies":[{"name":"wp","href":"https:\/\/api.w.org\/{rel}","templated":true}]}}