{"id":4161,"date":"2021-12-08T10:00:23","date_gmt":"2021-12-08T10:00:23","guid":{"rendered":"https:\/\/www.kgriffiths.fr\/?page_id=4161"},"modified":"2022-01-15T09:45:56","modified_gmt":"2022-01-15T09:45:56","slug":"a-propos-de-moi","status":"publish","type":"page","link":"https:\/\/kgriffiths.fr\/fr\/a-propos-de-moi\/","title":{"rendered":"\u00c0 propos de moi"},"content":{"rendered":"<div class=\"wpb-content-wrapper\"><p>[vc_row content_placement=&#8221;middle&#8221; row_content_width=&#8221;grid&#8221;][vc_column]<div class=\"eltdf-elements-holder  eltdf-eh-full-height eltdf-two-columns  eltdf-responsive-mode-768 \" ><div class=\"eltdf-eh-item   eltdf-horizontal-alignment-center \"  data-item-class=\"eltdf-eh-custom-5207\" data-1367-1600=\"20px 4% 0% 9%\" data-1025-1366=\"40px 12% 0% 12%\" data-769-1024=\"150px 2% 0% 2%\" data-681-768=\"100px 0 0 0\" data-680=\"80px 0 0 0\">\n        <div class=\"eltdf-eh-item-inner\">\n\t\t<div class=\"eltdf-eh-item-content eltdf-eh-custom-5207\" style=\"padding: 130px 2% 0% 2%\">\n\t\t\t<div class=\"eltdf-single-image-holder    \">\n        <div class=\"eltdf-si-inner\" >\n                                    <img loading=\"lazy\" decoding=\"async\" width=\"1298\" height=\"1731\" src=\"https:\/\/kgriffiths.fr\/wp-content\/uploads\/2021\/11\/IMG_7324.jpg\" class=\"attachment-full size-full\" alt=\"\" srcset=\"https:\/\/kgriffiths.fr\/wp-content\/uploads\/2021\/11\/IMG_7324.jpg 1298w, https:\/\/kgriffiths.fr\/wp-content\/uploads\/2021\/11\/IMG_7324-225x300.jpg 225w, https:\/\/kgriffiths.fr\/wp-content\/uploads\/2021\/11\/IMG_7324-768x1024.jpg 768w, https:\/\/kgriffiths.fr\/wp-content\/uploads\/2021\/11\/IMG_7324-1152x1536.jpg 1152w, https:\/\/kgriffiths.fr\/wp-content\/uploads\/2021\/11\/IMG_7324-600x800.jpg 600w\" sizes=\"auto, (max-width: 1298px) 100vw, 1298px\" \/>                        <\/div>\n<\/div>\t\t<\/div>\n\t<\/div>\n<\/div>\n<div class=\"eltdf-eh-item   eltdf-horizontal-alignment-center \"  data-item-class=\"eltdf-eh-custom-9627\" data-1367-1600=\"20px 10% 0 10%\" data-1025-1366=\"40px 6% 0 6%\" data-769-1024=\"150px 8% 0 8%\" data-681-768=\"20% 10% 100px 10%\" data-680=\"20% 4% 80px 4%\">\n        <div class=\"eltdf-eh-item-inner\">\n\t\t<div class=\"eltdf-eh-item-content eltdf-eh-custom-9627\" style=\"padding: 130px 10% 0 10%\">\n\t\t\t<div class=\"eltdf-section-title-holder  \" style=\"text-align: center\">\n\t<div class=\"eltdf-st-inner\">\n                    <div class=\"eltdf-st-image\" style=\"margin-bottom: 0px\">\n                <svg xmlns=\"http:\/\/www.w3.org\/2000\/svg\" xmlns:xlink=\"http:\/\/www.w3.org\/1999\/xlink\" x=\"0px\" y=\"0px\"\n\t width=\"33.642px\" height=\"44.01px\" viewBox=\"0 0 33.642 44.01\" enable-background=\"new 0 0 33.642 44.01\" xml:space=\"preserve\">\n<path fill=\"#2C2D7F\" d=\"M14.852,43.771c0,0,1.342-4.001,1.724-4.904c0,0-0.181-1.85-2.309-3.204\n\tC12.14,34.31,6.4,32.376,3.682,30.412C0.964,28.449,0,24.586,0,24.586s3.079-0.125,6.059,2.442c2.981,2.566,5.465,6.688,7.648,7.297\n\tc0,0,0.573-1.956,0.115-3.019c-0.458-1.062-3.015-2.23-3.144-4.251c0,0,2.058-0.173,3.023,1.04c0.965,1.211,1.3,3.9,0.742,6.71\n\tc0,0,2.933,1.772,2.776,4.089c0,0-1.392,4.009-1.791,5.116L14.852,43.771z\"\/>\n<path fill=\"#2C2D7F\" d=\"M18.072,38.388c0,0-0.051-1.354,2.258-3.224c0,0-0.111-1.431-0.021-2.172c0,0-0.821-1.556-0.339-3.48\n\tc0.481-1.925,3.09-2.602,3.09-2.602s-0.114,2.5-0.782,3.755c-0.667,1.255-1.442,2.783-1.322,4.009c0,0,1.45-1.016,2.035-1.212\n\tc0,0,3.325-8.726,10.344-11.442c0,0,1.491,3.97-2.101,7.387C27.64,32.824,22.977,32.875,18.072,38.388z\"\/>\n<path fill=\"#2C2D7F\" d=\"M17.75,36.616c0,0-0.628-3.113-0.761-5.146c-0.133-2.03-1.701-4.292-2.517-4.938\n\tc-0.817-0.646-7.354-3.581-9.297-5.938s-2.826-5.615-2.437-7.49c0,0,3.143-0.088,5.204,2.431c2.062,2.519,2.449,6.723,3.519,8.007\n\tc0,0,1.049,0.906,2.005,1.328c0,0-3.062-5.387-2.74-7.665c0,0,2.242,1.571,2.851,2.89c0.609,1.318,0.164,3.429,0.164,3.429\n\ts0.211,1.347,0.607,1.704c0.396,0.356,2.883,2.28,3.308,5.224C18.079,33.396,17.75,36.616,17.75,36.616z\"\/>\n<path fill=\"#2C2D7F\" d=\"M18.072,28.089c0,0-0.47-1.173,0.972-2.459c0,0-0.402-1.812-0.227-3.626c0,0-0.858-2.375-0.264-3.983\n\tc0.595-1.609,2.625-3.293,2.625-3.293s0.346,2.299-0.496,4.79c-0.843,2.492-1.332,3.819-1.029,5.45l2.246-1.68\n\tc0,0,0.107-4.471,1.999-7.64c1.893-3.168,4.959-5.353,4.959-5.353s1.352,3.389-0.636,8.022\n\tC26.233,22.951,20.538,23.798,18.072,28.089z\"\/>\n<path fill=\"#2C2D7F\" d=\"M16.824,25.842c0,0-1.081-1.475-1.686-3.836c-0.604-2.363-2.942-8.915-2.345-13.767\n\tC13.39,3.386,16.549,0,16.549,0s3.297,3.209,2.753,7.44C18.756,11.671,14.903,18,14.903,18L16.824,25.842z\"\/>\n<\/svg>            <\/div>\n                \t\t\t\t\t<h1 class=\"eltdf-st-title\" >\n\t\t\t\tKaren Griffiths\t\t\t<\/h1>\n\t\t                    <p class=\"eltdf-st-subtitle\" >\n                La peintre britannique Karen Griffiths vit dans les Alpes fran\u00e7aises, dans son atelier surplombant la ville de Morzine. Depuis qu\u2019elle a quitt\u00e9 l\u2019Universit\u00e9, elle a peint pendant 9 ans dans son studio de bord de mer \u00e0 Brighton, jusqu\u2019\u00e0 son d\u00e9m\u00e9nagement en France il y a 18 ans.            <\/p>\n        \t\t\t\t\t<\/div>\n<\/div>[vc_empty_space height=&#8221;47px&#8221;][vc_column_text]<a href=\"https:\/\/kgriffiths.fr\/fr\/altus-art\/\">cliquez ici pour voir l&#8217;article du magazine ALTUS<\/a>[\/vc_column_text]\t\t<\/div>\n\t<\/div>\n<\/div>\n<\/div>[\/vc_column][\/vc_row]<\/p>\n<\/div>","protected":false},"excerpt":{"rendered":"<p>[vc_row content_placement=&#8221;middle&#8221; row_content_width=&#8221;grid&#8221;][vc_column][\/vc_column][\/vc_row]<\/p>\n","protected":false},"author":1,"featured_media":0,"parent":0,"menu_order":0,"comment_status":"closed","ping_status":"closed","template":"full-width.php","meta":{"footnotes":""},"class_list":["post-4161","page","type-page","status-publish","hentry"],"_links":{"self":[{"href":"https:\/\/kgriffiths.fr\/fr\/wp-json\/wp\/v2\/pages\/4161","targetHints":{"allow":["GET"]}}],"collection":[{"href":"https:\/\/kgriffiths.fr\/fr\/wp-json\/wp\/v2\/pages"}],"about":[{"href":"https:\/\/kgriffiths.fr\/fr\/wp-json\/wp\/v2\/types\/page"}],"author":[{"embeddable":true,"href":"https:\/\/kgriffiths.fr\/fr\/wp-json\/wp\/v2\/users\/1"}],"replies":[{"embeddable":true,"href":"https:\/\/kgriffiths.fr\/fr\/wp-json\/wp\/v2\/comments?post=4161"}],"version-history":[{"count":6,"href":"https:\/\/kgriffiths.fr\/fr\/wp-json\/wp\/v2\/pages\/4161\/revisions"}],"predecessor-version":[{"id":5127,"href":"https:\/\/kgriffiths.fr\/fr\/wp-json\/wp\/v2\/pages\/4161\/revisions\/5127"}],"wp:attachment":[{"href":"https:\/\/kgriffiths.fr\/fr\/wp-json\/wp\/v2\/media?parent=4161"}],"curies":[{"name":"wp","href":"https:\/\/api.w.org\/{rel}","templated":true}]}}