{"id":4169,"date":"2021-12-08T10:10:56","date_gmt":"2021-12-08T10:10:56","guid":{"rendered":"https:\/\/www.kgriffiths.fr\/?page_id=4169"},"modified":"2022-01-10T13:32:08","modified_gmt":"2022-01-10T13:32:08","slug":"altus-art","status":"publish","type":"page","link":"https:\/\/kgriffiths.fr\/fr\/altus-art\/","title":{"rendered":"ALTUS magazine"},"content":{"rendered":"<div class=\"wpb-content-wrapper\"><p>[vc_row][vc_column width=&#8221;4\/5&#8243;][vc_column_text]<\/p>\n<div class=\"page\" title=\"Page 3\">\n<div class=\"section\">\n<div class=\"layoutArea\">\n<div class=\"column\">\n<h1>Karen Griffiths<\/h1>\n<div class=\"page\" title=\"Page 3\">\n<div class=\"section\">\n<div class=\"layoutArea\">\n<div class=\"column\">\n<h2>de visages en paysages<\/h2>\n<\/div>\n<\/div>\n<\/div>\n<\/div>\n<\/div>\n<\/div>\n<\/div>\n<\/div>\n<p>[\/vc_column_text][vc_single_image image=&#8221;4980&#8243; img_size=&#8221;large&#8221;][vc_column_text]<\/p>\n<div class=\"page\" title=\"Page 3\">\n<div class=\"section\">\n<div class=\"layoutArea\">\n<div class=\"column\">\n<div class=\"page\" title=\"Page 3\">\n<div class=\"section\">\n<div class=\"layoutArea\">\n<h4 class=\"column\"><\/h4>\n<\/div>\n<\/div>\n<\/div>\n<\/div>\n<\/div>\n<\/div>\n<\/div>\n<div class=\"page\" title=\"Page 3\">\n<div class=\"section\">\n<div class=\"layoutArea\">\n<div class=\"column\">\n<h4>L\u2019artiste britannique Karen Griffiths, Morzinoise depuis dix-huit ans, exprime des \u0153uvres sensibles et d\u00e9licates inspir\u00e9es par de lointains voyages ainsi que par ses sorties en montagne. Entre visages et paysages, d\u00e9couverte d\u2019une artiste intime.<\/h4>\n<\/div>\n<\/div>\n<\/div>\n<\/div>\n<p>[\/vc_column_text][vc_row_inner][vc_column_inner width=&#8221;1\/2&#8243;][vc_column_text]<\/p>\n<div class=\"page\" title=\"Page 3\">\n<div class=\"section\">\n<div class=\"layoutArea\">\n<div class=\"column\">\n<p>\u00a0C\u2019est un papa baroudeur qui a seme\u0301 en elle des graines d\u2019imaginaire. \u00ab Quand j\u2019e\u0301tais petite, mon pe\u0300re construisait des machines pour le textile, il a toujours ramene\u0301 des choses fascinantes de ses voyages, des histoires et des photos qui m\u2019ont aussi donne\u0301 envie de voyager. \u00bb De\u0300s qu\u2019elle est en a\u0302ge de s\u2019e\u0301manciper, la jeune fille, qui dessine depuis toute petite, prend donc elle aussi la route. Direction l\u2019Asie, puis le monde. De ses road trip en Malaisie, en Thai\u0308lande, au Vietnam, en Inde, au Maroc et en Chine, elle rame\u0300ne des instantane\u0301s, visages et atmosphe\u0300res croque\u0301s sur un carnet, quelques mots et phrases surgis a\u0300 la vole\u0301e, parfois des bouts de tissu et de textes en langue e\u0301trange\u0300re, ainsi que des photographies&#8230; Autant de moments intimes qui nourrissent ensuite sa cre\u0301ation.<\/p>\n<div class=\"page\" title=\"Page 1\">\n<div class=\"layoutArea\">\n<div class=\"column\">\n<p>DE LA PLAGE DE BRIGHTON AUX GALERIES LONDONIENNES<br \/>\nAvant, Karen Griffiths a affute\u0301 sa technique artistique sur les bancs de l\u2019universite\u0301 du Central Lancashire. La\u0300-bas, en Angleterre, elle s\u2019essaie de\u0301ja\u0300 aux carnets de croquis, partage un atelier, sur la plage de Brighton, avec d\u2019autres artistes. Elle expose ensuite dans des galeries londoniennes, dans des foires d\u2019art. Une pe\u0301riode de\u0301licate, mais formatrice pour la jeune femme qui abandonne vite l\u2019acrylique pour la peinture a\u0300 l\u2019huile. Ses premie\u0300res toiles, assez<\/p>\n<\/div>\n<\/div>\n<\/div>\n<\/div>\n<\/div>\n<\/div>\n<\/div>\n<p>[\/vc_column_text][\/vc_column_inner][vc_column_inner width=&#8221;1\/2&#8243;][vc_column_text]<\/p>\n<div class=\"page\" title=\"Page 3\">\n<div class=\"section\">\n<div class=\"layoutArea\">\n<div class=\"column\">\n<div class=\"page\" title=\"Page 2\">\n<div class=\"layoutArea\">\n<div class=\"column\">\n<p>figuratives, inte\u0300grent de\u0301ja\u0300 des morceaux de papier, des mots, des pense\u0301es, des poe\u0300mes&#8230;<\/p>\n<p>L\u2019HIVER, SAISON<br \/>\nDE L\u2019INSPIRATION<br \/>\nQuand elle de\u0301barque a\u0300 Morzine pour le ski, il y a dix-huit ans, la Britannique a le coup de foudre. \u00ab J\u2019y suis venue pour trois nuits, j\u2019y suis reste\u0301e trois semaines. \u00bb Fascine\u0301e par la valse des saisons, qui dessinent des atmosphe\u0300res toujours changeantes, elle est surtout sensible a\u0300 l\u2019hiver. Ce silence ouate\u0301 et ce grand blanc qui noie tous les contours lui inspirent une palette sensible, entre abstraction et impressionnisme, faite de paysages estompe\u0301s, taille\u0301s d\u2019une trace de skis, de remonte\u0301es me\u0301caniques filiformes ou de quelques e\u0301pice\u0301as fantomatiques. Entre gris-rose et jaune fuchsia, voire bleu nuit, ses montagnes semblent faites de solitude et d\u2019introspection&#8230; Des \u0153uvres d\u2019un nouveau genre, inspire\u0301es par ses nombreuses sorties solitaires en ski de randonne\u0301e, qui co\u0302toient de\u0301sormais de nombreux portraits intimes d\u2019enfants et de vieillards, tire\u0301s de ses croquis de voyages, dont les traits et regards ve\u0301hiculent une expression intense. Visages ou paysages, ces \u0153uvres sugge\u0300rent toujours une e\u0301motion ou une expe\u0301rience intime<\/p>\n<\/div>\n<\/div>\n<\/div>\n<\/div>\n<\/div>\n<\/div>\n<\/div>\n<p>[\/vc_column_text][\/vc_column_inner][\/vc_row_inner][\/vc_column][vc_column width=&#8221;1\/5&#8243;][vc_column_text]<\/p>\n<div class=\"page\" title=\"Page 3\">\n<div class=\"section\">\n<div class=\"layoutArea\">\n<div class=\"column\">\n<div class=\"page\" title=\"Page 2\">\n<div class=\"layoutArea\">\n<div class=\"column\">\n<p>J\u2019aime le me\u0301lange entre huile, peinture et crayon, prolonge l\u2019artiste. De temps en temps, surtout pour les toiles plus petites, je colle des papiers a\u0300 motif en fond avant de commencer la peinture. C\u2019est vraiment diffe\u0301rent sans une toile blanche, et je laisse un aperc\u0327u du motif, qui passe dans la toile. Mes plus petites toiles sont un peu comme une page d\u2019un carnet de croquis, et c\u0327a, c\u2019est le c\u0153ur de mes tableaux. \u00bb Par ailleurs, chaque \u0153uvre inte\u0300gre des mots issus d\u2019extraits de poe\u0300mes, de pense\u0301es, de citations, ou de sentiments, un effet \u00ab patchwork \u00bb inspire\u0301 des voyages et de ces impressions me\u0302le\u0301es&#8230; emme\u0302le\u0301es. \u00ab J\u2019adore les lignes fines et \u201cgratte\u0301es\u201d, les gribouillis entrelace\u0301s sur la toile. Et puis, je trouve toujours un titre relie\u0301 a\u0300 chaque \u0153uvre, car cela peut provoquer le sentiment, ou re\u0301ve\u0301ler quelque chose. \u00bb<\/p>\n<p>LES VOYAGES<br \/>\nET LA MONTAGNE<br \/>\nNourrie par l\u2019exotisme de contre\u0301es lointaines, Karen se perfuse aussi aux sports de plein air, ski de randonne\u0301e en hiver et courses de trail en e\u0301te\u0301, comme celle des Hauts Forts. L\u2019effort et la nature lui servent de terreaux cre\u0301atifs au point que dans son atelier, les skis et les sacs a\u0300 dos semblent indissociables des pinceaux et des chevalets : \u00ab Pendant les confinements, j\u2019ai effectue\u0301 beaucoup de ski de randonne\u0301e, confirme l\u2019artiste, cela a repre\u0301sente\u0301 une ve\u0301ritable libe\u0301ration qui m\u2019a beaucoup inspire\u0301. Randonner, courir et cre\u0301er, cela me fait du bien. \u00bb<\/p>\n<div class=\"page\" title=\"Page 2\">\n<div class=\"layoutArea\">\n<div class=\"column\">\n<p>ENVIES THE\u0301A\u0302TRALES<\/p>\n<p>Depuis ses de\u0301buts, Karen s\u2019est beaucoup expose\u0301e, jouissant d\u2019une certaine notorie\u0301te\u0301 en Grande-Bretagne d\u2019abord, ou\u0300 ses \u0153uvres ont e\u0301te\u0301 vues a\u0300 Londres et jusqu\u2019en E\u0301cosse et en Irlande, faisant parfois l\u2019objet d\u2019usages<\/p>\n<\/div>\n<div class=\"column\">\n<p>publicitaires, ainsi qu\u2019a\u0300 Gene\u0300ve, a\u0300 Paris et bien su\u0302r a\u0300 Morzine.<br \/>\nEntre deux expositions au Royaume-Uni, elle bouillonne d\u2019envies et de projets cre\u0301atifs. Elle a collabore\u0301 avec une brasserie de la station pour de\u0301corer ses canettes de bie\u0300re, et re\u0302ve d\u2019exposer ses toiles en plein air, cet hiver, \u00ab sur les pistes et en hauteur \u00bb. Surtout, \u00ab Je voudrais vraiment travailler dans le the\u0301a\u0302tre autour de projets de sce\u0301nographie, projette-t-elle. J\u2019adore le the\u0301a\u0302tre, et travailler de manie\u0300re cre\u0301ative dans cet environnement serait un re\u0302ve. \u00bb Une fac\u0327on de jeter des ponts entre les arts pour re\u0301ussir d\u2019autres patchworks artistiques.<\/p>\n<\/div>\n<\/div>\n<\/div>\n<\/div>\n<\/div>\n<\/div>\n<\/div>\n<\/div>\n<\/div>\n<\/div>\n<p>[\/vc_column_text][\/vc_column][\/vc_row][vc_row][vc_column][vc_empty_space][\/vc_column][\/vc_row]<\/p>\n<\/div>","protected":false},"excerpt":{"rendered":"<p>[vc_row][vc_column width=&#8221;4\/5&#8243;][vc_column_text] Karen Griffiths de visages en paysages [\/vc_column_text][vc_single_image image=&#8221;4980&#8243; img_size=&#8221;large&#8221;][vc_column_text] L\u2019artiste britannique Karen Griffiths, Morzinoise depuis dix-huit ans, exprime des \u0153uvres sensibles et d\u00e9licates inspir\u00e9es par de lointains voyages ainsi que par ses sorties en montagne. Entre visages et [&hellip;]<\/p>\n","protected":false},"author":1,"featured_media":0,"parent":0,"menu_order":0,"comment_status":"closed","ping_status":"closed","template":"","meta":{"footnotes":""},"class_list":["post-4169","page","type-page","status-publish","hentry"],"_links":{"self":[{"href":"https:\/\/kgriffiths.fr\/fr\/wp-json\/wp\/v2\/pages\/4169","targetHints":{"allow":["GET"]}}],"collection":[{"href":"https:\/\/kgriffiths.fr\/fr\/wp-json\/wp\/v2\/pages"}],"about":[{"href":"https:\/\/kgriffiths.fr\/fr\/wp-json\/wp\/v2\/types\/page"}],"author":[{"embeddable":true,"href":"https:\/\/kgriffiths.fr\/fr\/wp-json\/wp\/v2\/users\/1"}],"replies":[{"embeddable":true,"href":"https:\/\/kgriffiths.fr\/fr\/wp-json\/wp\/v2\/comments?post=4169"}],"version-history":[{"count":8,"href":"https:\/\/kgriffiths.fr\/fr\/wp-json\/wp\/v2\/pages\/4169\/revisions"}],"predecessor-version":[{"id":4984,"href":"https:\/\/kgriffiths.fr\/fr\/wp-json\/wp\/v2\/pages\/4169\/revisions\/4984"}],"wp:attachment":[{"href":"https:\/\/kgriffiths.fr\/fr\/wp-json\/wp\/v2\/media?parent=4169"}],"curies":[{"name":"wp","href":"https:\/\/api.w.org\/{rel}","templated":true}]}}