{"id":4247,"date":"2019-07-08T09:42:26","date_gmt":"2019-07-08T09:42:26","guid":{"rendered":"https:\/\/www.kgriffiths.fr\/get-in-touch\/"},"modified":"2024-06-26T12:13:29","modified_gmt":"2024-06-26T11:13:29","slug":"contact","status":"publish","type":"page","link":"https:\/\/kgriffiths.fr\/fr\/contact\/","title":{"rendered":"Contact"},"content":{"rendered":"<div class=\"wpb-content-wrapper\"><p>[vc_row row_content_width=&#8221;grid&#8221; content_text_aligment=&#8221;left&#8221; css=&#8221;.vc_custom_1562581971769{padding-top: 130px !important;padding-bottom: 135px !important;}&#8221;][vc_column offset=&#8221;vc_col-lg-offset-0 vc_col-lg-12 vc_col-md-offset-0 vc_col-md-12 vc_col-sm-offset-0 vc_col-xs-12&#8243;]<div class=\"eltdf-elements-holder   eltdf-two-columns  eltdf-responsive-mode-1024 eltdf-one-column-alignment-left\" ><div class=\"eltdf-eh-item  eltdf-vertical-alignment-top  \"  data-item-class=\"eltdf-eh-custom-8354\" data-1367-1600=\"0 160px 0 0\" data-1025-1366=\"0 60px 0 0\" data-769-1024=\"0 160px 30px 0\" data-681-768=\"0 160px 30px 0\" data-680=\"0 0px 30px 0\">\n        <div class=\"eltdf-eh-item-inner\">\n\t\t<div class=\"eltdf-eh-item-content eltdf-eh-custom-8354\" style=\"padding: 0 160px 0 0\">\n\t\t\t<div class=\"eltdf-section-title-holder  \" >\n\t<div class=\"eltdf-st-inner\">\n                \t\t\t\t\t<h1 class=\"eltdf-st-title\" >\n\t\t\t\tContactez-moi aujourd'hui\t\t\t<\/h1>\n\t\t                    <p class=\"eltdf-st-subtitle\" >\n                Si vous souhaitez \u00eatre inform\u00e9 des prochaines expositions et des nouveaux imprim\u00e9s, veuillez suivre ma page instagram et vous inscrire \u00e0 ma liste de diffusion.            <\/p>\n        \t\t\t\t\t<\/div>\n<\/div>[vc_empty_space height=&#8221;31px&#8221;]<div class=\"eltdf-iwt clearfix  eltdf-iwt-icon-left eltdf-iwt-icon-tiny\">\n    \t    <div class=\"eltdf-iwt-icon\">\n    \t\t\t\t\t\t\t\t\t    <span class=\"eltdf-icon-shortcode eltdf-normal   eltdf-icon-tiny\"  data-color=\"#14118b\">\n                    <span aria-hidden=\"true\" class=\"eltdf-icon-font-elegant icon_pin eltdf-icon-element\" style=\"color: #14118b;font-size:14px\" ><\/span>            <\/span>\n\t\t\t\t\t\t<\/div>\n\t<div class=\"eltdf-iwt-content\" style=\"padding-left: 22px\">\n\t\t\t\t\t\t\t<p class=\"eltdf-iwt-text\" style=\"margin-top: 3px\">Morzine, France<\/p>\n\t\t\t<\/div>\n<\/div>[vc_empty_space height=&#8221;10px&#8221;]<div class=\"eltdf-iwt clearfix  eltdf-iwt-icon-left eltdf-iwt-icon-tiny\">\n    \t    <div class=\"eltdf-iwt-icon\">\n    \t\t        <a itemprop=\"url\" href=\"mailto:info@kgriffiths.fr\" target=\"_self\" >\n\t\t\t\t\t\t\t\t\t    <span class=\"eltdf-icon-shortcode eltdf-normal   eltdf-icon-tiny\"  data-color=\"#14118b\">\n                    <span aria-hidden=\"true\" class=\"eltdf-icon-font-elegant icon_mail eltdf-icon-element\" style=\"color: #14118b;font-size:14px\" ><\/span>            <\/span>\n\t\t\t\t\t\t\t\t<\/a>\n\t\t\t<\/div>\n\t<div class=\"eltdf-iwt-content\" style=\"padding-left: 22px\">\n\t\t\t\t\t\t\t<p class=\"eltdf-iwt-text\" style=\"margin-top: 3px\">info@kgriffiths.fr<\/p>\n\t\t\t<\/div>\n<\/div>[vc_empty_space height=&#8221;10px&#8221;]<div class=\"eltdf-iwt clearfix  eltdf-iwt-icon-left eltdf-iwt-icon-tiny\">\n    \t    <div class=\"eltdf-iwt-icon\">\n    \t\t        <a itemprop=\"url\" href=\"https:\/\/www.instagram.com\/karengriffithsfineart\/\" target=\"_blank\" >\n\t\t\t\t\t\t\t\t\t    <span class=\"eltdf-icon-shortcode eltdf-normal   eltdf-icon-tiny\"  data-color=\"#14118b\">\n                    <span aria-hidden=\"true\" class=\"eltdf-icon-font-elegant social_instagram_square eltdf-icon-element\" style=\"color: #14118b;font-size:14px\" ><\/span>            <\/span>\n\t\t\t\t\t\t\t\t<\/a>\n\t\t\t<\/div>\n\t<div class=\"eltdf-iwt-content\" style=\"padding-left: 22px\">\n\t\t\t\t\t\t\t<p class=\"eltdf-iwt-text\" style=\"margin-top: 3px\">karengriffithsfineart<\/p>\n\t\t\t<\/div>\n<\/div>[vc_empty_space height=&#8221;10px&#8221;]<div class=\"eltdf-iwt clearfix  eltdf-iwt-icon-left eltdf-iwt-icon-tiny\">\n    \t    <div class=\"eltdf-iwt-icon\">\n    \t\t        <a itemprop=\"url\" href=\"\/fr\/inscrivez-vous-a-ma-liste-denvoi\/\" target=\"_self\" >\n\t\t\t\t\t\t\t\t\t    <span class=\"eltdf-icon-shortcode eltdf-normal   eltdf-icon-tiny\"  data-color=\"#14118b\">\n                    <span aria-hidden=\"true\" class=\"eltdf-icon-font-elegant icon_mail_alt eltdf-icon-element\" style=\"color: #14118b;font-size:14px\" ><\/span>            <\/span>\n\t\t\t\t\t\t\t\t<\/a>\n\t\t\t<\/div>\n\t<div class=\"eltdf-iwt-content\" style=\"padding-left: 22px\">\n\t\t\t\t\t\t\t<p class=\"eltdf-iwt-text\" style=\"margin-top: 3px\">Inscrivez-vous \u00e0 ma liste d\u2019envoi<\/p>\n\t\t\t<\/div>\n<\/div>\t\t<\/div>\n\t<\/div>\n<\/div>\n<div class=\"eltdf-eh-item  eltdf-vertical-alignment-top  \"  data-item-class=\"eltdf-eh-custom-7447\" data-769-1024=\"8px 0 0 0\" data-681-768=\"8px 0 0 0\" data-680=\"8px 0 0 0px\">\n        <div class=\"eltdf-eh-item-inner\">\n\t\t<div class=\"eltdf-eh-item-content eltdf-eh-custom-7447\" style=\"padding: 8px 0 0 14px\">\n\t\t\t\n<div class=\"wpcf7 no-js\" id=\"wpcf7-f4507-o1\" lang=\"fr-FR\" dir=\"ltr\" data-wpcf7-id=\"4507\">\n<div class=\"screen-reader-response\"><p role=\"status\" aria-live=\"polite\" aria-atomic=\"true\"><\/p> <ul><\/ul><\/div>\n<form action=\"\/fr\/wp-json\/wp\/v2\/pages\/4247#wpcf7-f4507-o1\" method=\"post\" class=\"wpcf7-form init cf7_custom_style_1\" aria-label=\"Formulaire de contact\" novalidate=\"novalidate\" data-status=\"init\">\n<div style=\"display: none;\">\n<input type=\"hidden\" name=\"_wpcf7\" value=\"4507\" \/>\n<input type=\"hidden\" name=\"_wpcf7_version\" value=\"6.0.6\" \/>\n<input type=\"hidden\" name=\"_wpcf7_locale\" value=\"fr_FR\" \/>\n<input type=\"hidden\" name=\"_wpcf7_unit_tag\" value=\"wpcf7-f4507-o1\" \/>\n<input type=\"hidden\" name=\"_wpcf7_container_post\" value=\"0\" \/>\n<input type=\"hidden\" name=\"_wpcf7_posted_data_hash\" value=\"\" \/>\n<input type=\"hidden\" name=\"_wpcf7_recaptcha_response\" value=\"\" \/>\n<\/div>\n<div class=\"eltdf-cf-custom-style\">\n\t<div class=\"eltdf-grid-tiny-gutter\">\n\t\t<div class=\"eltdf-grid-col-6\">\n\t\t\t<p><span class=\"wpcf7-form-control-wrap\" data-name=\"your-name\"><input size=\"40\" maxlength=\"400\" class=\"wpcf7-form-control wpcf7-text wpcf7-validates-as-required\" aria-required=\"true\" aria-invalid=\"false\" placeholder=\"Nom\" value=\"\" type=\"text\" name=\"your-name\" \/><\/span>\n\t\t\t<\/p>\n\t\t<\/div>\n\t\t<div class=\"eltdf-grid-col-6\">\n\t\t\t<p><span class=\"wpcf7-form-control-wrap\" data-name=\"your-email\"><input size=\"40\" maxlength=\"400\" class=\"wpcf7-form-control wpcf7-email wpcf7-validates-as-required wpcf7-text wpcf7-validates-as-email\" aria-required=\"true\" aria-invalid=\"false\" placeholder=\"E-mail address\" value=\"\" type=\"email\" name=\"your-email\" \/><\/span>\n\t\t\t<\/p>\n\t\t<\/div>\n\t<\/div>\n\t<div class=\"eltdf-grid-col-12\">\n\t\t<p><span class=\"wpcf7-form-control-wrap\" data-name=\"your-message\"><textarea cols=\"40\" rows=\"10\" maxlength=\"2000\" class=\"wpcf7-form-control wpcf7-textarea\" aria-invalid=\"false\" placeholder=\"Tapez votre message ici\" name=\"your-message\"><\/textarea><\/span>\n\t\t<\/p>\n\t<\/div>\n\t<p><!-- Mailchimp for WordPress v4.10.4 - https:\/\/www.mc4wp.com\/ --><input type=\"hidden\" name=\"_mc4wp_subscribe_contact-form-7\" value=\"0\" \/><span class=\"mc4wp-checkbox mc4wp-checkbox-contact-form-7 \"><label><input type=\"checkbox\" name=\"_mc4wp_subscribe_contact-form-7\" value=\"1\" ><span>Sign me up for the newsletter<\/span><\/label><\/span><!-- \/ Mailchimp for WordPress --><br \/>\n<span class=\"wpcf7-form-control-wrap\" data-name=\"your-consent\"><span class=\"wpcf7-form-control wpcf7-acceptance\"><span class=\"wpcf7-list-item\"><label><input type=\"checkbox\" name=\"your-consent\" value=\"1\" aria-invalid=\"false\" \/><span class=\"wpcf7-list-item-label\">J\u2019ai lu et compris la <a href=\"\/fr\/privacy-policy\/\" target=\"_blank\">Politique de confidentialit\u00e9<\/a>.<\/span><\/label><\/span><\/span><\/span>\n\t<\/p>\n\t<div class=\"eltdf-cf-custom-style-btn\">\n\t\t<p><button class=\"wpcf7-form-control wpcf7-submit eltdf-btn eltdf-btn-medium eltdf-btn-solid\" type=\"submit\"><span class=\"eltdf-btn-text\">Envoyer<\/span><\/button>\n\t\t<\/p>\n\t<\/div>\n<\/div><div class=\"wpcf7-response-output\" aria-hidden=\"true\"><\/div>\n<\/form>\n<\/div>\n\t\t<\/div>\n\t<\/div>\n<\/div>\n<\/div>[\/vc_column][\/vc_row]<\/p>\n<\/div>","protected":false},"excerpt":{"rendered":"<p>[vc_row row_content_width=&#8221;grid&#8221; content_text_aligment=&#8221;left&#8221; css=&#8221;.vc_custom_1562581971769{padding-top: 130px !important;padding-bottom: 135px !important;}&#8221;][vc_column offset=&#8221;vc_col-lg-offset-0 vc_col-lg-12 vc_col-md-offset-0 vc_col-md-12 vc_col-sm-offset-0 vc_col-xs-12&#8243;][\/vc_column][\/vc_row]<\/p>\n","protected":false},"author":1,"featured_media":0,"parent":0,"menu_order":0,"comment_status":"closed","ping_status":"closed","template":"full-width.php","meta":{"footnotes":""},"class_list":["post-4247","page","type-page","status-publish","hentry"],"_links":{"self":[{"href":"https:\/\/kgriffiths.fr\/fr\/wp-json\/wp\/v2\/pages\/4247","targetHints":{"allow":["GET"]}}],"collection":[{"href":"https:\/\/kgriffiths.fr\/fr\/wp-json\/wp\/v2\/pages"}],"about":[{"href":"https:\/\/kgriffiths.fr\/fr\/wp-json\/wp\/v2\/types\/page"}],"author":[{"embeddable":true,"href":"https:\/\/kgriffiths.fr\/fr\/wp-json\/wp\/v2\/users\/1"}],"replies":[{"embeddable":true,"href":"https:\/\/kgriffiths.fr\/fr\/wp-json\/wp\/v2\/comments?post=4247"}],"version-history":[{"count":10,"href":"https:\/\/kgriffiths.fr\/fr\/wp-json\/wp\/v2\/pages\/4247\/revisions"}],"predecessor-version":[{"id":5664,"href":"https:\/\/kgriffiths.fr\/fr\/wp-json\/wp\/v2\/pages\/4247\/revisions\/5664"}],"wp:attachment":[{"href":"https:\/\/kgriffiths.fr\/fr\/wp-json\/wp\/v2\/media?parent=4247"}],"curies":[{"name":"wp","href":"https:\/\/api.w.org\/{rel}","templated":true}]}}