{"id":4496,"date":"2022-01-04T08:30:31","date_gmt":"2022-01-04T08:30:31","guid":{"rendered":"https:\/\/www.kgriffiths.fr\/?page_id=4496"},"modified":"2022-01-10T14:06:45","modified_gmt":"2022-01-10T14:06:45","slug":"privacy-policy","status":"publish","type":"page","link":"https:\/\/kgriffiths.fr\/fr\/privacy-policy\/","title":{"rendered":"Politique de confidentialit\u00e9"},"content":{"rendered":"<div class=\"wpb-content-wrapper\"><p>[vc_row][vc_column][vc_column_text]<\/p>\r\n<h2 class=\"wp-block-heading\">QUI SOMMES-NOUS<\/h2>\r\n\r\n<p> L&#8217;adresse de notre site web est la suivante : <a class=\"\" href=\"http:\/\/kgriffiths.fr\/\">www.kgriffiths.fr<\/a>.<\/p>\r\n<p><\/p>\r\n\r\n<h2 class=\"wp-block-heading\">COMMENTAIRES<\/h2>\r\n<p><\/p>\r\n\r\n<p class=\"\"><span class=\"\">Quand les visiteurs laissent des commentaires sur le site, nous recueillons les donn\u00e9es indiqu\u00e9es dans le formulaire de commentaires, de m\u00eame que l&#8217;adresse IP du visiteur et la cha\u00eene d&#8217;agent utilisateur du navigateur pour faciliter la d\u00e9tection des spams.<\/span><\/p>\r\n<p class=\"\"><span class=\"\">Une cha\u00eene anonymis\u00e9e cr\u00e9\u00e9e \u00e0 partir de votre adresse \u00e9lectronique (\u00e9galement appel\u00e9e &#8220;hash&#8221;) peut \u00eatre fournie au service Gravatar pour savoir si vous l&#8217;utilisez. La politique de confidentialit\u00e9 du service Gravatar est disponible ici : <a class=\"\" href=\"https:\/\/automattic.com\/privacy\/\">https:\/\/automattic.com\/privacy\/<\/a>. Apr\u00e8s approbation de votre commentaire, votre photo de profil est visible par le public dans le contexte de votre commentaire.<\/span><\/p>\r\n<h2>Media<\/h2>\r\n<p><\/p>\r\n\r\n<p class=\"\"><span class=\"\">Si vous t\u00e9l\u00e9chargez des images sur le site web, vous devez \u00e9viter de le faire avec des donn\u00e9es de localisation int\u00e9gr\u00e9es (EXIF GPS). Les visiteurs du site web peuvent t\u00e9l\u00e9charger et extraire toutes les donn\u00e9es de localisation des images pr\u00e9sentes sur le site.<\/span><\/p>\r\n<p><\/p>\r\n\r\n<h2 class=\"wp-block-heading\">Cookies<\/h2>\r\n<p>&nbsp;<\/p>\r\n<p class=\"\"><span class=\"\">Si vous laissez un commentaire sur notre site, vous pouvez choisir d&#8217;enregistrer votre nom, votre adresse \u00e9lectronique et votre site Web dans des cookies. Ces cookies sont con\u00e7us pour vous faciliter la t\u00e2che, de sorte que vous n&#8217;aurez pas \u00e0 remplir \u00e0 nouveau vos coordonn\u00e9es quand vous laisserez un autre commentaire. Ces cookies ont une dur\u00e9e de vie d&#8217;un an.<\/span><\/p>\r\n<p class=\"\"><span class=\"\">Si vous visitez notre page de connexion, nous installerons un cookie temporaire pour d\u00e9terminer si votre navigateur accepte les cookies. Ce cookie ne contient aucune donn\u00e9e personnelle et est supprim\u00e9 lorsque vous fermez votre navigateur.<\/span><\/p>\r\n<p class=\"\"><span class=\"\">Quand vous vous connecterez, nous installerons en outre plusieurs cookies pour enregistrer vos informations de connexion et vos choix d&#8217;affichage \u00e0 l&#8217;\u00e9cran. Les cookies de connexion durent deux jours, et les cookies d&#8217;options d&#8217;\u00e9cran durent un an. Si vous s\u00e9lectionnez l&#8217;option &#8220;Se souvenir de moi&#8221;, votre connexion sera conserv\u00e9e pendant deux semaines. Si vous vous d\u00e9connectez de votre compte, les cookies de connexion seront supprim\u00e9s.<\/span><\/p>\r\n<p class=\"\"><span class=\"\">Si vous modifiez ou publiez un article, un cookie suppl\u00e9mentaire sera enregistr\u00e9 dans votre navigateur. Ce cookie ne comprend aucune donn\u00e9e personnelle et indique simplement l&#8217;ID de l&#8217;article que vous venez de modifier. Il expire apr\u00e8s 1 jour.<\/span><\/p>\r\n<p>&nbsp;<\/p>\r\n<p><\/p>\r\n\r\n<h2 class=\"wp-block-heading\">CONTENU INT\u00c9GR\u00c9 D&#8217;AUTRES SITES WEB<\/h2>\r\n<p>&nbsp;<\/p>\r\n<p class=\"\"><span class=\"\">Les articles de ce site peuvent inclure du contenu int\u00e9gr\u00e9 (par exemple des vid\u00e9os, des images, des articles, etc.). Le contenu int\u00e9gr\u00e9 en provenance d&#8217;autres sites web se comporte exactement de la m\u00eame mani\u00e8re que si le visiteur avait visit\u00e9 l&#8217;autre site web.<\/span><\/p>\r\n<p class=\"\"><span class=\"\">Ces sites web peuvent collecter des donn\u00e9es sur vous, utiliser des cookies, int\u00e9grer un suivi suppl\u00e9mentaire par des tiers et surveiller votre interaction avec ce contenu int\u00e9gr\u00e9, y compris le suivi de votre interaction avec le contenu incorpor\u00e9 si vous avez un compte et que vous \u00eates connect\u00e9s \u00e0 ce site web.<\/span><\/p>\r\n<p><\/p>\r\n<p><\/p>\r\n\r\n<h2 class=\"wp-block-heading\">LA DUR\u00c9E DE CONSERVATION DE VOS DONN\u00c9ES<\/h2>\r\n<p>&nbsp;<\/p>\r\n<p class=\"\"><span class=\"\">Si vous laissez un commentaire, celui-ci et ses m\u00e9tadonn\u00e9es sont conserv\u00e9s ind\u00e9finiment. Cela nous permet de reconna\u00eetre et d&#8217;approuver automatiquement tout commentaire ult\u00e9rieur au lieu de le conserver dans une file d&#8217;attente de mod\u00e9ration.<\/span><\/p>\r\n<p class=\"\"><span class=\"\">Pour les utilisateurs qui s&#8217;inscrivent sur notre site web (le cas \u00e9ch\u00e9ant), nous conservons \u00e9galement les informations personnelles qu&#8217;ils fournissent dans leur profil d&#8217;utilisateur. Tous les utilisateurs peuvent consulter, modifier ou supprimer leurs informations personnelles \u00e0 tout moment (sauf qu&#8217;ils ne peuvent pas modifier leur nom d&#8217;utilisateur). Les administrateurs du site web peuvent \u00e9galement voir et modifier ces informations.<\/span><\/p>\r\n<p>&nbsp;<\/p>\r\n<p><\/p>\r\n\r\n<h2 class=\"wp-block-heading\">LES DROITS DONT VOUS DISPOSEZ SUR VOS DONN\u00c9ES<\/h2>\r\n<p><br \/>Si vous avez un compte sur ce site, ou si vous avez laiss\u00e9 des commentaires, vous pouvez demander \u00e0 recevoir un fichier export\u00e9 des donn\u00e9es personnelles que nous d\u00e9tenons \u00e0 votre sujet, y compris les donn\u00e9es que vous nous avez fournies. Vous pouvez \u00e9galement nous demander d&#8217;effacer toutes les donn\u00e9es personnelles que nous d\u00e9tenons \u00e0 votre sujet. Ceci n&#8217;inclut pas les donn\u00e9es que nous sommes oblig\u00e9s de conserver \u00e0 des fins administratives, l\u00e9gales ou de s\u00e9curit\u00e9.<\/p>\r\n<p><\/p>\r\n\r\n<h2 class=\"wp-block-heading\">O\u00d9 NOUS ENVOYONS VOS DONN\u00c9ES<\/h2>\r\n<p><\/p>\r\n\r\n<p class=\"\"><span class=\"\">Les commentaires des visiteurs peuvent \u00eatre v\u00e9rifi\u00e9s par un service automatis\u00e9 de d\u00e9tection des spams.<\/span><\/p>\r\n<p><\/p>\r\n<p>[\/vc_column_text][\/vc_column][\/vc_row]<\/p><\/div>","protected":false},"excerpt":{"rendered":"<p>[vc_row][vc_column][vc_column_text] QUI SOMMES-NOUS L&#8217;adresse de notre site web est la suivante : www.kgriffiths.fr. COMMENTAIRES Quand les visiteurs laissent des commentaires sur le site, nous recueillons les donn\u00e9es indiqu\u00e9es dans le formulaire de commentaires, de m\u00eame que l&#8217;adresse IP du visiteur [&hellip;]<\/p>\n","protected":false},"author":1,"featured_media":0,"parent":0,"menu_order":0,"comment_status":"closed","ping_status":"open","template":"","meta":{"footnotes":""},"class_list":["post-4496","page","type-page","status-publish","hentry"],"_links":{"self":[{"href":"https:\/\/kgriffiths.fr\/fr\/wp-json\/wp\/v2\/pages\/4496","targetHints":{"allow":["GET"]}}],"collection":[{"href":"https:\/\/kgriffiths.fr\/fr\/wp-json\/wp\/v2\/pages"}],"about":[{"href":"https:\/\/kgriffiths.fr\/fr\/wp-json\/wp\/v2\/types\/page"}],"author":[{"embeddable":true,"href":"https:\/\/kgriffiths.fr\/fr\/wp-json\/wp\/v2\/users\/1"}],"replies":[{"embeddable":true,"href":"https:\/\/kgriffiths.fr\/fr\/wp-json\/wp\/v2\/comments?post=4496"}],"version-history":[{"count":3,"href":"https:\/\/kgriffiths.fr\/fr\/wp-json\/wp\/v2\/pages\/4496\/revisions"}],"predecessor-version":[{"id":4990,"href":"https:\/\/kgriffiths.fr\/fr\/wp-json\/wp\/v2\/pages\/4496\/revisions\/4990"}],"wp:attachment":[{"href":"https:\/\/kgriffiths.fr\/fr\/wp-json\/wp\/v2\/media?parent=4496"}],"curies":[{"name":"wp","href":"https:\/\/api.w.org\/{rel}","templated":true}]}}