{"id":4862,"date":"2022-01-07T11:29:19","date_gmt":"2022-01-07T11:29:19","guid":{"rendered":"https:\/\/www.kgriffiths.fr\/?page_id=4862"},"modified":"2022-01-16T08:26:04","modified_gmt":"2022-01-16T08:26:04","slug":"collaboration-creative","status":"publish","type":"page","link":"https:\/\/kgriffiths.fr\/fr\/collaboration-creative\/","title":{"rendered":"Collaboration cr\u00e9ative"},"content":{"rendered":"<div class=\"wpb-content-wrapper\"><p>[vc_row][vc_column][vc_single_image image=&#8221;4512&#8243; img_size=&#8221;full&#8221;][\/vc_column][\/vc_row][vc_row][vc_column][vc_column_text]<\/p>\n<h1>Collaboration cr\u00e9ative<\/h1>\n<p class=\"p1\">Une r\u00e9cente collaboration avec la brasserie IBEX, ici \u00e0 Morzine, a r\u00e9uni les dessins et les peintures de Karen et l&#8217;incroyable bi\u00e8re artisanale d&#8217;IBEX. Deux \u00e9tiquettes ont \u00e9t\u00e9 command\u00e9es &#8211; \u00e0 l&#8217;origine, les noms \u00e9taient &#8220;Local Hero&#8221; et &#8220;Rush Hour&#8221;. &#8220;J&#8217;ai choisi la femme chinoise aux longs cheveux car pour moi elle \u00e9tait une h\u00e9ro\u00efne locale dans les rizi\u00e8res en terrasses du nord de la Chine, elle travaillait sans rel\u00e2che et \u00e9tait une source d&#8217;inspiration&#8221;. Ce label est devenu &#8220;Est\/Ouest&#8221;. La deuxi\u00e8me \u00e9tiquette a \u00e9t\u00e9 modifi\u00e9e pour devenir simplement &#8220;Traffic&#8221; apr\u00e8s que nous ayons choisi le dessin du bus indien local pour cette bi\u00e8re. &#8220;J&#8217;esp\u00e8re pouvoir travailler \u00e0 nouveau avec IBEX \u00e0 l&#8217;avenir &#8211; un projet aussi g\u00e9nial pour moi&#8221;.<\/p>\n<p>&nbsp;<\/p>\n<p>[\/vc_column_text][\/vc_column][\/vc_row][vc_row equal_height=&#8221;yes&#8221; el_class=&#8221;kg_max_height_row&#8221;][vc_column width=&#8221;3\/12&#8243;][vc_single_image image=&#8221;3955&#8243; img_size=&#8221;full&#8221;][\/vc_column][vc_column width=&#8221;2\/12&#8243;][vc_single_image image=&#8221;4421&#8243; img_size=&#8221;full&#8221;][\/vc_column][vc_column width=&#8221;2\/12&#8243;][vc_single_image image=&#8221;4419&#8243; img_size=&#8221;full&#8221;][\/vc_column][vc_column width=&#8221;3\/12&#8243;][vc_single_image image=&#8221;3951&#8243; img_size=&#8221;full&#8221;][\/vc_column][vc_column width=&#8221;2\/12&#8243;][vc_single_image image=&#8221;4417&#8243; img_size=&#8221;full&#8221;][\/vc_column][\/vc_row][vc_row][vc_column][vc_empty_space height=&#8221;20px&#8221;][\/vc_column][\/vc_row]<\/p>\n<\/div>","protected":false},"excerpt":{"rendered":"<p>[vc_row][vc_column][vc_single_image image=&#8221;4512&#8243; img_size=&#8221;full&#8221;][\/vc_column][\/vc_row][vc_row][vc_column][vc_column_text] Collaboration cr\u00e9ative Une r\u00e9cente collaboration avec la brasserie IBEX, ici \u00e0 Morzine, a r\u00e9uni les dessins et les peintures de Karen et l&#8217;incroyable bi\u00e8re artisanale d&#8217;IBEX. Deux \u00e9tiquettes ont \u00e9t\u00e9 command\u00e9es &#8211; \u00e0 l&#8217;origine, les noms \u00e9taient [&hellip;]<\/p>\n","protected":false},"author":1,"featured_media":4422,"parent":0,"menu_order":0,"comment_status":"closed","ping_status":"closed","template":"","meta":{"footnotes":""},"class_list":["post-4862","page","type-page","status-publish","has-post-thumbnail","hentry"],"_links":{"self":[{"href":"https:\/\/kgriffiths.fr\/fr\/wp-json\/wp\/v2\/pages\/4862","targetHints":{"allow":["GET"]}}],"collection":[{"href":"https:\/\/kgriffiths.fr\/fr\/wp-json\/wp\/v2\/pages"}],"about":[{"href":"https:\/\/kgriffiths.fr\/fr\/wp-json\/wp\/v2\/types\/page"}],"author":[{"embeddable":true,"href":"https:\/\/kgriffiths.fr\/fr\/wp-json\/wp\/v2\/users\/1"}],"replies":[{"embeddable":true,"href":"https:\/\/kgriffiths.fr\/fr\/wp-json\/wp\/v2\/comments?post=4862"}],"version-history":[{"count":7,"href":"https:\/\/kgriffiths.fr\/fr\/wp-json\/wp\/v2\/pages\/4862\/revisions"}],"predecessor-version":[{"id":5140,"href":"https:\/\/kgriffiths.fr\/fr\/wp-json\/wp\/v2\/pages\/4862\/revisions\/5140"}],"wp:featuredmedia":[{"embeddable":true,"href":"https:\/\/kgriffiths.fr\/fr\/wp-json\/wp\/v2\/media\/4422"}],"wp:attachment":[{"href":"https:\/\/kgriffiths.fr\/fr\/wp-json\/wp\/v2\/media?parent=4862"}],"curies":[{"name":"wp","href":"https:\/\/api.w.org\/{rel}","templated":true}]}}