{"id":4744,"date":"2021-12-22T14:33:06","date_gmt":"2022-01-06T11:34:06","guid":{"rendered":"https:\/\/www.kgriffiths.fr\/product\/garcon-calcutta\/"},"modified":"2022-01-07T13:38:06","modified_gmt":"2022-01-07T13:38:06","slug":"garcon-calcutta","status":"publish","type":"product","link":"https:\/\/kgriffiths.fr\/fr\/produit\/garcon-calcutta\/","title":{"rendered":"Gar\u00e7on, Calcutta"},"content":{"rendered":"<p>Chaque impression gicl\u00e9e est r\u00e9alis\u00e9e sur du papier d&#8217;archives Hahnem\u00fchle photorag 308.<\/p>\n<p>Cet imprim\u00e9 fait partie d\u2019une \u00e9dition <strong>ouverte<\/strong> sign\u00e9e \u00e0 la main. Les impressions ne sont pas encadr\u00e9es et il y a une petite bordure entre l&#8217;\u0153uvre et le bord du papier pour faciliter l&#8217;encadrement.<\/p>\n<p>Veuillez me contacter pour des tailles sur mesure.<\/p>\n<p>&nbsp;<\/p>\n","protected":false},"excerpt":{"rendered":"<p>J\u2019ai pass\u00e9 des heures au march\u00e9 aux fleurs de Calcutta sous le pont Howrah. Ce gar\u00e7on a captur\u00e9 mon c\u0153ur. Il regardait attentivement les guirlandes de fleurs de sa m\u00e8re&#8230; le dynamisme des couleurs qui illuminaient son visage.<\/p>\n<p>&nbsp;<\/p>\n","protected":false},"featured_media":4690,"template":"","meta":[],"product_brand":[],"product_cat":[134,123],"product_tag":[],"class_list":{"0":"post-4744","1":"product","2":"type-product","3":"status-publish","4":"has-post-thumbnail","6":"product_cat-voyages","7":"product_cat-impressions","8":"product_shipping_class-a4-fr","10":"first","11":"instock","12":"shipping-taxable","13":"purchasable","14":"product-type-variable","15":"has-default-attributes"},"_links":{"self":[{"href":"https:\/\/kgriffiths.fr\/fr\/wp-json\/wp\/v2\/product\/4744","targetHints":{"allow":["GET"]}}],"collection":[{"href":"https:\/\/kgriffiths.fr\/fr\/wp-json\/wp\/v2\/product"}],"about":[{"href":"https:\/\/kgriffiths.fr\/fr\/wp-json\/wp\/v2\/types\/product"}],"wp:featuredmedia":[{"embeddable":true,"href":"https:\/\/kgriffiths.fr\/fr\/wp-json\/wp\/v2\/media\/4690"}],"wp:attachment":[{"href":"https:\/\/kgriffiths.fr\/fr\/wp-json\/wp\/v2\/media?parent=4744"}],"wp:term":[{"taxonomy":"product_brand","embeddable":true,"href":"https:\/\/kgriffiths.fr\/fr\/wp-json\/wp\/v2\/product_brand?post=4744"},{"taxonomy":"product_cat","embeddable":true,"href":"https:\/\/kgriffiths.fr\/fr\/wp-json\/wp\/v2\/product_cat?post=4744"},{"taxonomy":"product_tag","embeddable":true,"href":"https:\/\/kgriffiths.fr\/fr\/wp-json\/wp\/v2\/product_tag?post=4744"}],"curies":[{"name":"wp","href":"https:\/\/api.w.org\/{rel}","templated":true}]}}