{"id":4767,"date":"2021-12-02T15:02:29","date_gmt":"2022-01-06T12:08:46","guid":{"rendered":"https:\/\/www.kgriffiths.fr\/product\/le-bruit-de-la-neige-dansant\/"},"modified":"2024-01-25T14:16:14","modified_gmt":"2024-01-25T14:16:14","slug":"le-bruit-de-la-neige-dansante","status":"publish","type":"product","link":"https:\/\/kgriffiths.fr\/fr\/produit\/le-bruit-de-la-neige-dansante\/","title":{"rendered":"Le bruit de la neige dansant"},"content":{"rendered":"<p>Chaque impression gicl\u00e9e est r\u00e9alis\u00e9e sur du papier d&#8217;archives 310gsm photo paper.<\/p>\n<p>Tous les imprim\u00e9s font partie d&#8217;une \u00e9dition sign\u00e9e \u00e0 la main. Les impressions ne sont pas encadr\u00e9es et il y a une petite bordure entre l&#8217;\u0153uvre et le bord du papier pour faciliter l&#8217;encadrement.<\/p>\n<p>Veuillez me contacter pour des tailles sur mesure.<\/p>\n","protected":false},"excerpt":{"rendered":"<p class=\"p1\"><i>&#8220;Sur la musique du silence, dansent les flocons blancs qui se balancent et tissent une douce couverture pour la terre qui s&#8217;endort sur la musique du silence. Danse, danse les flocons blancs&#8221;<\/i> Jacqueline M\u00e9riot<\/p>\n<p class=\"p1\">Pour moi, le meilleur son au monde est celui de la neige qui tombe&#8230; ce moment o\u00f9 le silence s&#8217;installe et o\u00f9 tout ce qui nous entoure devient une couche d&#8217;inspiration lyrique. La neige danse lentement et nous voyons juste un aper\u00e7u de ce qui \u00e9tait l\u00e0 avant&#8230;. quelque chose qui chuchote. Flocon apr\u00e8s flocon, nous sommes envelopp\u00e9s dans une guirlande de neige.<\/p>\n","protected":false},"featured_media":4042,"template":"","meta":[],"product_brand":[],"product_cat":[133,123],"product_tag":[],"class_list":{"0":"post-4767","1":"product","2":"type-product","3":"status-publish","4":"has-post-thumbnail","6":"product_cat-hiver","7":"product_cat-impressions","9":"first","10":"instock","11":"shipping-taxable","12":"purchasable","13":"product-type-variable"},"_links":{"self":[{"href":"https:\/\/kgriffiths.fr\/fr\/wp-json\/wp\/v2\/product\/4767","targetHints":{"allow":["GET"]}}],"collection":[{"href":"https:\/\/kgriffiths.fr\/fr\/wp-json\/wp\/v2\/product"}],"about":[{"href":"https:\/\/kgriffiths.fr\/fr\/wp-json\/wp\/v2\/types\/product"}],"wp:featuredmedia":[{"embeddable":true,"href":"https:\/\/kgriffiths.fr\/fr\/wp-json\/wp\/v2\/media\/4042"}],"wp:attachment":[{"href":"https:\/\/kgriffiths.fr\/fr\/wp-json\/wp\/v2\/media?parent=4767"}],"wp:term":[{"taxonomy":"product_brand","embeddable":true,"href":"https:\/\/kgriffiths.fr\/fr\/wp-json\/wp\/v2\/product_brand?post=4767"},{"taxonomy":"product_cat","embeddable":true,"href":"https:\/\/kgriffiths.fr\/fr\/wp-json\/wp\/v2\/product_cat?post=4767"},{"taxonomy":"product_tag","embeddable":true,"href":"https:\/\/kgriffiths.fr\/fr\/wp-json\/wp\/v2\/product_tag?post=4767"}],"curies":[{"name":"wp","href":"https:\/\/api.w.org\/{rel}","templated":true}]}}