{"id":4874,"date":"2022-01-06T14:28:19","date_gmt":"2022-01-07T13:12:19","guid":{"rendered":"https:\/\/www.kgriffiths.fr\/product\/figure-rouge-ii\/"},"modified":"2022-01-07T13:12:19","modified_gmt":"2022-01-07T13:12:19","slug":"figure-rouge-ii","status":"publish","type":"product","link":"https:\/\/kgriffiths.fr\/fr\/produit\/figure-rouge-ii\/","title":{"rendered":"Figure rouge ii"},"content":{"rendered":"<p>Chaque impression gicl\u00e9e est r\u00e9alis\u00e9e sur du papier d&#8217;archives Hahnem\u00fchle photorag 308.<\/p>\n<p>Tous les imprim\u00e9s font partie d&#8217;une \u00e9dition <strong>ouverte<\/strong> sign\u00e9e \u00e0 la main. Les impressions ne sont pas encadr\u00e9es et il y a une petite bordure entre l&#8217;\u0153uvre et le bord du papier pour faciliter l&#8217;encadrement.<\/p>\n<p>Veuillez me contacter pour des tailles sur mesure.<\/p>\n","protected":false},"excerpt":{"rendered":"<p>Fille Indienne en rouge<\/p>\n","protected":false},"featured_media":4815,"template":"","meta":[],"product_brand":[],"product_cat":[134,123],"product_tag":[],"class_list":{"0":"post-4874","1":"product","2":"type-product","3":"status-publish","4":"has-post-thumbnail","6":"product_cat-voyages","7":"product_cat-impressions","8":"product_shipping_class-a3-fr","10":"first","11":"instock","12":"shipping-taxable","13":"purchasable","14":"product-type-simple"},"_links":{"self":[{"href":"https:\/\/kgriffiths.fr\/fr\/wp-json\/wp\/v2\/product\/4874","targetHints":{"allow":["GET"]}}],"collection":[{"href":"https:\/\/kgriffiths.fr\/fr\/wp-json\/wp\/v2\/product"}],"about":[{"href":"https:\/\/kgriffiths.fr\/fr\/wp-json\/wp\/v2\/types\/product"}],"wp:featuredmedia":[{"embeddable":true,"href":"https:\/\/kgriffiths.fr\/fr\/wp-json\/wp\/v2\/media\/4815"}],"wp:attachment":[{"href":"https:\/\/kgriffiths.fr\/fr\/wp-json\/wp\/v2\/media?parent=4874"}],"wp:term":[{"taxonomy":"product_brand","embeddable":true,"href":"https:\/\/kgriffiths.fr\/fr\/wp-json\/wp\/v2\/product_brand?post=4874"},{"taxonomy":"product_cat","embeddable":true,"href":"https:\/\/kgriffiths.fr\/fr\/wp-json\/wp\/v2\/product_cat?post=4874"},{"taxonomy":"product_tag","embeddable":true,"href":"https:\/\/kgriffiths.fr\/fr\/wp-json\/wp\/v2\/product_tag?post=4874"}],"curies":[{"name":"wp","href":"https:\/\/api.w.org\/{rel}","templated":true}]}}