{"id":4933,"date":"2022-01-10T09:02:12","date_gmt":"2022-01-10T09:02:13","guid":{"rendered":"https:\/\/www.kgriffiths.fr\/?post_type=product&#038;p=4933"},"modified":"2024-01-26T13:15:30","modified_gmt":"2024-01-26T13:15:30","slug":"in-case-spirits-fall-2","status":"publish","type":"product","link":"https:\/\/kgriffiths.fr\/fr\/produit\/in-case-spirits-fall-2\/","title":{"rendered":"Au cas o\u00f9 les esprits tomberaient du ciel"},"content":{"rendered":"<p>huile sur toile<\/p>\n<p>70 x 70cm<\/p>\n<p>\u20ac2200<\/p>\n","protected":false},"excerpt":{"rendered":"<p>En tant qu\u2019artiste, il y a tr\u00e8s peu de peintures que je garderais r\u00e9ellement &#8211; c\u2019est l\u2019une de ces rares. C\u2019\u00e9tait le deuxi\u00e8me tableau de cette s\u00e9rie que j\u2019ai termin\u00e9 et la palette de couleurs est l\u2019une de mes pr\u00e9f\u00e9r\u00e9es. La chaleur du rouge et du rose contre l\u2019opale p\u00e2le et le bleu. Regarder en arri\u00e8re vers Morzine, sous le t\u00e9l\u00e9cabine Pleney quand vous rentrez chez vous apr\u00e8s une journ\u00e9e en montagne, c\u2019est magique. La ville cach\u00e9e par la blancheur et les nuages opales. C\u2019\u00e9tait ce moment l\u00e0.<\/p>\n","protected":false},"featured_media":5527,"template":"","meta":[],"product_brand":[],"product_cat":[139],"product_tag":[],"class_list":{"0":"post-4933","1":"product","2":"type-product","3":"status-publish","4":"has-post-thumbnail","6":"product_cat-originales","8":"first","9":"instock","10":"shipping-taxable","11":"purchasable","12":"product-type-simple"},"_links":{"self":[{"href":"https:\/\/kgriffiths.fr\/fr\/wp-json\/wp\/v2\/product\/4933","targetHints":{"allow":["GET"]}}],"collection":[{"href":"https:\/\/kgriffiths.fr\/fr\/wp-json\/wp\/v2\/product"}],"about":[{"href":"https:\/\/kgriffiths.fr\/fr\/wp-json\/wp\/v2\/types\/product"}],"wp:featuredmedia":[{"embeddable":true,"href":"https:\/\/kgriffiths.fr\/fr\/wp-json\/wp\/v2\/media\/5527"}],"wp:attachment":[{"href":"https:\/\/kgriffiths.fr\/fr\/wp-json\/wp\/v2\/media?parent=4933"}],"wp:term":[{"taxonomy":"product_brand","embeddable":true,"href":"https:\/\/kgriffiths.fr\/fr\/wp-json\/wp\/v2\/product_brand?post=4933"},{"taxonomy":"product_cat","embeddable":true,"href":"https:\/\/kgriffiths.fr\/fr\/wp-json\/wp\/v2\/product_cat?post=4933"},{"taxonomy":"product_tag","embeddable":true,"href":"https:\/\/kgriffiths.fr\/fr\/wp-json\/wp\/v2\/product_tag?post=4933"}],"curies":[{"name":"wp","href":"https:\/\/api.w.org\/{rel}","templated":true}]}}