{"id":4939,"date":"2022-01-10T09:05:52","date_gmt":"2022-01-10T09:05:52","guid":{"rendered":"https:\/\/www.kgriffiths.fr\/?post_type=product&#038;p=4939"},"modified":"2024-01-26T13:52:30","modified_gmt":"2024-01-26T13:52:30","slug":"enchantment-2","status":"publish","type":"product","link":"https:\/\/kgriffiths.fr\/fr\/produit\/enchantment-2\/","title":{"rendered":"Enchantement"},"content":{"rendered":"<p>huile sur toile<\/p>\n<p>35 x 35cm<\/p>\n<p>\u20ac1200<\/p>\n","protected":false},"excerpt":{"rendered":"<p class=\"p1\"><i>&#8220;Nous avons tous entendu dire qu&#8217;il n&#8217;y a pas deux flocons de neige identiques. Chaque flocon de neige prend la forme parfaite pour que son voyage soit le plus efficace possible. Et tandis que la force universelle de gravit\u00e9 leur donne une destination commune, l&#8217;espace expansif dans l&#8217;air donne \u00e0 chaque flocon de neige la possibilit\u00e9 de prendre son propre chemin. Ils font le m\u00eame voyage, mais chacun prend un chemin diff\u00e9rent.<\/i><\/p>\n<p class=\"p1\"><i>Au long de ce voyage d\u00fb \u00e0 la gravit\u00e9, certains flocons de neige se heurtent et s&#8217;ab\u00eement mutuellement, d&#8217;autres se heurtent et se rejoignent, d&#8217;autres encore sont influenc\u00e9s par le vent&#8230; il y a tant de transitions et de changements qui ont lieu au cours du voyage du flocon de neige. Mais, quelle que soit la transition, le flocon de neige se retrouve toujours parfaitement form\u00e9 pour son voyage.&#8221;<\/i> Steve Maraboli<\/p>\n<p class=\"p1\">J&#8217;ai lu ce passage l&#8217;hiver pr\u00e9c\u00e9dent et j&#8217;aime la fa\u00e7on avec laquelle il est formul\u00e9. J&#8217;aime les mots et ils trouvent toujours un chemin dans mes peintures&#8230; c&#8217;est naturel.<\/p>\n<p class=\"p1\">L&#8217;enchantement est ce tableau. Vous pouvez lire les mots griffonn\u00e9s dans la peinture &#8220;les flocons ne sont jamais les m\u00eames&#8221;.<\/p>\n","protected":false},"featured_media":5521,"template":"","meta":[],"product_brand":[],"product_cat":[139],"product_tag":[],"class_list":{"0":"post-4939","1":"product","2":"type-product","3":"status-publish","4":"has-post-thumbnail","6":"product_cat-originales","8":"first","9":"instock","10":"shipping-taxable","11":"purchasable","12":"product-type-simple"},"_links":{"self":[{"href":"https:\/\/kgriffiths.fr\/fr\/wp-json\/wp\/v2\/product\/4939","targetHints":{"allow":["GET"]}}],"collection":[{"href":"https:\/\/kgriffiths.fr\/fr\/wp-json\/wp\/v2\/product"}],"about":[{"href":"https:\/\/kgriffiths.fr\/fr\/wp-json\/wp\/v2\/types\/product"}],"wp:featuredmedia":[{"embeddable":true,"href":"https:\/\/kgriffiths.fr\/fr\/wp-json\/wp\/v2\/media\/5521"}],"wp:attachment":[{"href":"https:\/\/kgriffiths.fr\/fr\/wp-json\/wp\/v2\/media?parent=4939"}],"wp:term":[{"taxonomy":"product_brand","embeddable":true,"href":"https:\/\/kgriffiths.fr\/fr\/wp-json\/wp\/v2\/product_brand?post=4939"},{"taxonomy":"product_cat","embeddable":true,"href":"https:\/\/kgriffiths.fr\/fr\/wp-json\/wp\/v2\/product_cat?post=4939"},{"taxonomy":"product_tag","embeddable":true,"href":"https:\/\/kgriffiths.fr\/fr\/wp-json\/wp\/v2\/product_tag?post=4939"}],"curies":[{"name":"wp","href":"https:\/\/api.w.org\/{rel}","templated":true}]}}