{"id":4947,"date":"2022-01-10T09:22:20","date_gmt":"2022-01-10T09:22:20","guid":{"rendered":"https:\/\/www.kgriffiths.fr\/?post_type=product&#038;p=4947"},"modified":"2024-01-26T13:14:23","modified_gmt":"2024-01-26T13:14:23","slug":"the-sound-of-falling-snow","status":"publish","type":"product","link":"https:\/\/kgriffiths.fr\/fr\/produit\/the-sound-of-falling-snow\/","title":{"rendered":"Le bruit de la neige dansant"},"content":{"rendered":"<p>huile sur toile<\/p>\n<p>70 x 70cm<\/p>\n<p>\u20ac2200<\/p>\n","protected":false},"excerpt":{"rendered":"<p class=\"p1\"><i>&#8220;Sur la musique du silence, dansent les flocons blancs qui se balancent et tissent une douce couverture pour la terre qui s&#8217;endort sur la musique du silence. Danse, danse les flocons blancs&#8221;<\/i> Jacqueline M\u00e9riot<\/p>\n<p class=\"p1\">Pour moi, le meilleur son au monde est celui de la neige qui tombe&#8230; ce moment o\u00f9 le silence s&#8217;installe et o\u00f9 tout ce qui nous entoure devient une couche d&#8217;inspiration lyrique. La neige danse lentement et nous voyons juste un aper\u00e7u de ce qui \u00e9tait l\u00e0 avant&#8230;. quelque chose qui chuchote. Flocon apr\u00e8s flocon, nous sommes envelopp\u00e9s dans une guirlande de neige.<\/p>\n","protected":false},"featured_media":5717,"template":"","meta":[],"product_brand":[],"product_cat":[139],"product_tag":[],"class_list":{"0":"post-4947","1":"product","2":"type-product","3":"status-publish","4":"has-post-thumbnail","6":"product_cat-originales","8":"first","9":"instock","10":"shipping-taxable","11":"purchasable","12":"product-type-simple"},"_links":{"self":[{"href":"https:\/\/kgriffiths.fr\/fr\/wp-json\/wp\/v2\/product\/4947","targetHints":{"allow":["GET"]}}],"collection":[{"href":"https:\/\/kgriffiths.fr\/fr\/wp-json\/wp\/v2\/product"}],"about":[{"href":"https:\/\/kgriffiths.fr\/fr\/wp-json\/wp\/v2\/types\/product"}],"wp:featuredmedia":[{"embeddable":true,"href":"https:\/\/kgriffiths.fr\/fr\/wp-json\/wp\/v2\/media\/5717"}],"wp:attachment":[{"href":"https:\/\/kgriffiths.fr\/fr\/wp-json\/wp\/v2\/media?parent=4947"}],"wp:term":[{"taxonomy":"product_brand","embeddable":true,"href":"https:\/\/kgriffiths.fr\/fr\/wp-json\/wp\/v2\/product_brand?post=4947"},{"taxonomy":"product_cat","embeddable":true,"href":"https:\/\/kgriffiths.fr\/fr\/wp-json\/wp\/v2\/product_cat?post=4947"},{"taxonomy":"product_tag","embeddable":true,"href":"https:\/\/kgriffiths.fr\/fr\/wp-json\/wp\/v2\/product_tag?post=4947"}],"curies":[{"name":"wp","href":"https:\/\/api.w.org\/{rel}","templated":true}]}}