{"id":4951,"date":"2022-01-10T09:26:39","date_gmt":"2022-01-10T09:26:39","guid":{"rendered":"https:\/\/www.kgriffiths.fr\/?post_type=product&#038;p=4951"},"modified":"2024-01-30T12:17:25","modified_gmt":"2024-01-30T12:17:25","slug":"hope-2","status":"publish","type":"product","link":"https:\/\/kgriffiths.fr\/fr\/produit\/hope-2\/","title":{"rendered":"dans un autre"},"content":{"rendered":"<p>huile sur toile<\/p>\n<p>70 x 70cm<\/p>\n<p>\u20ac2200<\/p>\n","protected":false},"excerpt":{"rendered":"<p class=\"p1\">Ce son du silence. Les traces que nous laissons sont si brutes et si belles&#8230; un petit souvenir imprim\u00e9 et laiss\u00e9 derri\u00e8re nous pour la prochaine personne \u00e0 suivre.<\/p>\n<p class=\"p1\"><i>&#8220;La premi\u00e8re chute de neige n&#8217;est pas seulement un \u00e9v\u00e9nement, c&#8217;est un ph\u00e9nom\u00e8ne magique. Vous vous couchez dans un certain type de monde et vous vous r\u00e9veillez dans un autre qui est compl\u00e8tement diff\u00e9rent et si ce n&#8217;est pas de l&#8217;enchantement, alors o\u00f9 se trouve-t-il ? &#8220;. J B Priestly<\/i><\/p>\n","protected":false},"featured_media":5523,"template":"","meta":[],"product_brand":[],"product_cat":[139],"product_tag":[],"class_list":{"0":"post-4951","1":"product","2":"type-product","3":"status-publish","4":"has-post-thumbnail","6":"product_cat-originales","8":"first","9":"instock","10":"shipping-taxable","11":"purchasable","12":"product-type-simple"},"_links":{"self":[{"href":"https:\/\/kgriffiths.fr\/fr\/wp-json\/wp\/v2\/product\/4951","targetHints":{"allow":["GET"]}}],"collection":[{"href":"https:\/\/kgriffiths.fr\/fr\/wp-json\/wp\/v2\/product"}],"about":[{"href":"https:\/\/kgriffiths.fr\/fr\/wp-json\/wp\/v2\/types\/product"}],"wp:featuredmedia":[{"embeddable":true,"href":"https:\/\/kgriffiths.fr\/fr\/wp-json\/wp\/v2\/media\/5523"}],"wp:attachment":[{"href":"https:\/\/kgriffiths.fr\/fr\/wp-json\/wp\/v2\/media?parent=4951"}],"wp:term":[{"taxonomy":"product_brand","embeddable":true,"href":"https:\/\/kgriffiths.fr\/fr\/wp-json\/wp\/v2\/product_brand?post=4951"},{"taxonomy":"product_cat","embeddable":true,"href":"https:\/\/kgriffiths.fr\/fr\/wp-json\/wp\/v2\/product_cat?post=4951"},{"taxonomy":"product_tag","embeddable":true,"href":"https:\/\/kgriffiths.fr\/fr\/wp-json\/wp\/v2\/product_tag?post=4951"}],"curies":[{"name":"wp","href":"https:\/\/api.w.org\/{rel}","templated":true}]}}