{"id":4957,"date":"2022-01-10T09:36:26","date_gmt":"2022-01-10T09:36:26","guid":{"rendered":"https:\/\/www.kgriffiths.fr\/?post_type=product&#038;p=4957"},"modified":"2024-01-26T13:44:51","modified_gmt":"2024-01-26T13:44:51","slug":"in-another-world-2","status":"publish","type":"product","link":"https:\/\/kgriffiths.fr\/fr\/produit\/in-another-world-2\/","title":{"rendered":"Dans un autre monde"},"content":{"rendered":"<p>Huile sur toile<\/p>\n<p>30 x 30cm<\/p>\n<p>\u20ac1200<\/p>\n","protected":false},"excerpt":{"rendered":"<p class=\"p1\">&#8220;La premi\u00e8re chute de neige n&#8217;est pas seulement un \u00e9v\u00e9nement, c&#8217;est un ph\u00e9nom\u00e8ne magique. Vous vous couchez dans un certain type de monde et vous vous r\u00e9veillez dans un autre qui est compl\u00e8tement diff\u00e9rent et si ce n&#8217;est pas de l&#8217;enchantement, alors o\u00f9 se trouve-t-il ? &#8221; J. B Priestley<\/p>\n","protected":false},"featured_media":5525,"template":"","meta":[],"product_brand":[],"product_cat":[139],"product_tag":[],"class_list":{"0":"post-4957","1":"product","2":"type-product","3":"status-publish","4":"has-post-thumbnail","6":"product_cat-originales","8":"first","9":"instock","10":"shipping-taxable","11":"purchasable","12":"product-type-simple"},"_links":{"self":[{"href":"https:\/\/kgriffiths.fr\/fr\/wp-json\/wp\/v2\/product\/4957","targetHints":{"allow":["GET"]}}],"collection":[{"href":"https:\/\/kgriffiths.fr\/fr\/wp-json\/wp\/v2\/product"}],"about":[{"href":"https:\/\/kgriffiths.fr\/fr\/wp-json\/wp\/v2\/types\/product"}],"wp:featuredmedia":[{"embeddable":true,"href":"https:\/\/kgriffiths.fr\/fr\/wp-json\/wp\/v2\/media\/5525"}],"wp:attachment":[{"href":"https:\/\/kgriffiths.fr\/fr\/wp-json\/wp\/v2\/media?parent=4957"}],"wp:term":[{"taxonomy":"product_brand","embeddable":true,"href":"https:\/\/kgriffiths.fr\/fr\/wp-json\/wp\/v2\/product_brand?post=4957"},{"taxonomy":"product_cat","embeddable":true,"href":"https:\/\/kgriffiths.fr\/fr\/wp-json\/wp\/v2\/product_cat?post=4957"},{"taxonomy":"product_tag","embeddable":true,"href":"https:\/\/kgriffiths.fr\/fr\/wp-json\/wp\/v2\/product_tag?post=4957"}],"curies":[{"name":"wp","href":"https:\/\/api.w.org\/{rel}","templated":true}]}}