{"id":4961,"date":"2022-01-10T09:40:28","date_gmt":"2022-01-10T09:40:28","guid":{"rendered":"https:\/\/www.kgriffiths.fr\/?post_type=product&#038;p=4961"},"modified":"2024-01-26T13:26:05","modified_gmt":"2024-01-26T13:26:05","slug":"the-poem-2","status":"publish","type":"product","link":"https:\/\/kgriffiths.fr\/fr\/produit\/the-poem-2\/","title":{"rendered":"Le po\u00e8me"},"content":{"rendered":"<p>huile sur toile<\/p>\n<p>35 x 35cm<\/p>\n<p>\u20ac1200<\/p>\n","protected":false},"excerpt":{"rendered":"<p class=\"p1\">Cette pi\u00e8ce est apr\u00e8s une journ\u00e9e sur les montagnes de Morzine, opale teint\u00e9 nuages au-dessus comme la journ\u00e9e se termine. Descente de la Pleney jusqu\u2019\u00e0 Morzine.<\/p>\n","protected":false},"featured_media":5529,"template":"","meta":[],"product_brand":[],"product_cat":[139],"product_tag":[],"class_list":{"0":"post-4961","1":"product","2":"type-product","3":"status-publish","4":"has-post-thumbnail","6":"product_cat-originales","8":"first","9":"outofstock","10":"sale","11":"shipping-taxable","12":"purchasable","13":"product-type-simple"},"_links":{"self":[{"href":"https:\/\/kgriffiths.fr\/fr\/wp-json\/wp\/v2\/product\/4961","targetHints":{"allow":["GET"]}}],"collection":[{"href":"https:\/\/kgriffiths.fr\/fr\/wp-json\/wp\/v2\/product"}],"about":[{"href":"https:\/\/kgriffiths.fr\/fr\/wp-json\/wp\/v2\/types\/product"}],"wp:featuredmedia":[{"embeddable":true,"href":"https:\/\/kgriffiths.fr\/fr\/wp-json\/wp\/v2\/media\/5529"}],"wp:attachment":[{"href":"https:\/\/kgriffiths.fr\/fr\/wp-json\/wp\/v2\/media?parent=4961"}],"wp:term":[{"taxonomy":"product_brand","embeddable":true,"href":"https:\/\/kgriffiths.fr\/fr\/wp-json\/wp\/v2\/product_brand?post=4961"},{"taxonomy":"product_cat","embeddable":true,"href":"https:\/\/kgriffiths.fr\/fr\/wp-json\/wp\/v2\/product_cat?post=4961"},{"taxonomy":"product_tag","embeddable":true,"href":"https:\/\/kgriffiths.fr\/fr\/wp-json\/wp\/v2\/product_tag?post=4961"}],"curies":[{"name":"wp","href":"https:\/\/api.w.org\/{rel}","templated":true}]}}